{"id":8,"date":"2022-01-05T17:14:28","date_gmt":"2022-01-05T17:14:28","guid":{"rendered":"http:\/\/elradar.info\/about-us\/"},"modified":"2023-09-30T23:02:11","modified_gmt":"2023-10-01T03:02:11","slug":"nosotros","status":"publish","type":"page","link":"https:\/\/elradar.info\/?page_id=8","title":{"rendered":"Nosotros"},"content":{"rendered":"<div class=\"boldgrid-section\">\n<div class=\"container\">\n<div class=\"row\" style=\"padding-top: 42px;\">\n<div class=\"col-md-6 col-xs-12 col-sm-12\">\n<h1 class=\"\"><span style=\"vertical-align: inherit;\"><span style=\"vertical-align: inherit;\">El Radar<\/span><\/span><\/h1>\n<p><img loading=\"lazy\" decoding=\"async\" class=\"alignnone wp-image-6802 size-medium\" src=\"https:\/\/elradar.info\/wp-content\/uploads\/2022\/02\/Logo-cuadrado-2_Mesa-de-trabajo-1-1-300x300.png\" alt=\"\" width=\"300\" height=\"300\" srcset=\"https:\/\/elradar.info\/wp-content\/uploads\/2022\/02\/Logo-cuadrado-2_Mesa-de-trabajo-1-1-300x300.png 300w, https:\/\/elradar.info\/wp-content\/uploads\/2022\/02\/Logo-cuadrado-2_Mesa-de-trabajo-1-1-1024x1024.png 1024w, https:\/\/elradar.info\/wp-content\/uploads\/2022\/02\/Logo-cuadrado-2_Mesa-de-trabajo-1-1-150x150.png 150w, https:\/\/elradar.info\/wp-content\/uploads\/2022\/02\/Logo-cuadrado-2_Mesa-de-trabajo-1-1-768x768.png 768w, https:\/\/elradar.info\/wp-content\/uploads\/2022\/02\/Logo-cuadrado-2_Mesa-de-trabajo-1-1-1536x1536.png 1536w, https:\/\/elradar.info\/wp-content\/uploads\/2022\/02\/Logo-cuadrado-2_Mesa-de-trabajo-1-1-2048x2048.png 2048w, https:\/\/elradar.info\/wp-content\/uploads\/2022\/02\/Logo-cuadrado-2_Mesa-de-trabajo-1-1-360x360.png 360w\" sizes=\"auto, (max-width: 300px) 100vw, 300px\" \/><\/p>\n<h4 class=\"\">\u00bfQui\u00e9nes somos?<\/h4>\n<div class=\"row\">\n<div class=\"col-md-12 col-xs-12 col-sm-12\">\n<div class=\"row bg-editor-hr-wrap\">\n<div class=\"col-md-12 col-xs-12 col-sm-12\">\n<hr \/>\n<\/div>\n<\/div>\n<\/div>\n<\/div>\n<p>El Radar surge como un medio de comunicaci\u00f3n que busca reflejar e informar a bolivianas y bolivianos los sucesos m\u00e1s importantes del pa\u00eds, de manera objetiva, cient\u00edfica y veraz.<\/p>\n<p>Comenzamos un ciclo de informaci\u00f3n de manera profesional e imparcial, primando los Derechos Humanos, el Bien Colectivo, la Justicia Social, la Preservaci\u00f3n del Ambiente y la Igualdad de G\u00e9nero. Concebimos este portal como un espacio plural de intercambio, transformaci\u00f3n y debate, a trav\u00e9s de la comunicaci\u00f3n viva entre quienes editamos y la comunidad lectora.<\/p>\n<p>Somos un equipo joven y multidisciplinario, interesados por la pol\u00edtica nacional, la econom\u00eda, la cultura, la salud, los deportes, la tecnolog\u00eda, las noticias internacionales y de opini\u00f3n.<\/p>\n<p>Nos inspira poder trabajar en pro de la transformaci\u00f3n de la realidad, hacia un mundo m\u00e1s positivo, justo y sostenible.<br \/>\nCreemos en que somos las juventudes, el motor principal de cambio y ajuste de la sociedad en que vivimos.<\/p>\n<p>Defendemos la libertad, a trav\u00e9s de la comunicaci\u00f3n. Les damos la bienvenida a todas y todos.<br \/>\n_____<br \/>\nVacaMariposa Films &#8211; Todos los derechos reservados 2023.<\/p>\n<p class=\"\"><a class=\"button-primary\" href=\"#\"><span style=\"vertical-align: inherit;\"><span style=\"vertical-align: inherit;\">Ver servicios<\/span><\/span><\/a><\/p>\n<\/div>\n<div class=\"col-md-6 col-sm-12 col-xs-12\">\n<p class=\"mod-img\">\n<\/div>\n<\/div>\n<\/div>\n<\/div>\n","protected":false},"excerpt":{"rendered":"<p>El Radar \u00bfQui\u00e9nes somos? El Radar surge como un medio de comunicaci\u00f3n que busca reflejar e informar a bolivianas y bolivianos los sucesos m\u00e1s importantes del pa\u00eds, de manera objetiva, cient\u00edfica y veraz. Comenzamos un ciclo de informaci\u00f3n de manera profesional e imparcial, primando los Derechos Humanos, el Bien Colectivo, la Justicia Social, la Preservaci\u00f3n del Ambiente y la Igualdad de G\u00e9nero. Concebimos este portal como un espacio plural de intercambio, transformaci\u00f3n y debate, a trav\u00e9s de la comunicaci\u00f3n viva entre quienes editamos y la comunidad lectora. Somos un equipo joven y multidisciplinario, interesados por la pol\u00edtica nacional, la econom\u00eda,<\/p>\n","protected":false},"author":2,"featured_media":0,"parent":0,"menu_order":0,"comment_status":"closed","ping_status":"closed","template":"","meta":{"_seopress_robots_primary_cat":"","_seopress_titles_title":"","_seopress_titles_desc":"","_seopress_robots_index":"","footnotes":""},"class_list":["post-8","page","type-page","status-publish","hentry"],"jetpack_sharing_enabled":true,"amp_enabled":true,"_links":{"self":[{"href":"https:\/\/elradar.info\/index.php?rest_route=\/wp\/v2\/pages\/8","targetHints":{"allow":["GET"]}}],"collection":[{"href":"https:\/\/elradar.info\/index.php?rest_route=\/wp\/v2\/pages"}],"about":[{"href":"https:\/\/elradar.info\/index.php?rest_route=\/wp\/v2\/types\/page"}],"author":[{"embeddable":true,"href":"https:\/\/elradar.info\/index.php?rest_route=\/wp\/v2\/users\/2"}],"replies":[{"embeddable":true,"href":"https:\/\/elradar.info\/index.php?rest_route=%2Fwp%2Fv2%2Fcomments&post=8"}],"version-history":[{"count":3,"href":"https:\/\/elradar.info\/index.php?rest_route=\/wp\/v2\/pages\/8\/revisions"}],"predecessor-version":[{"id":35073,"href":"https:\/\/elradar.info\/index.php?rest_route=\/wp\/v2\/pages\/8\/revisions\/35073"}],"wp:attachment":[{"href":"https:\/\/elradar.info\/index.php?rest_route=%2Fwp%2Fv2%2Fmedia&parent=8"}],"curies":[{"name":"wp","href":"https:\/\/api.w.org\/{rel}","templated":true}]}}